{"id":369,"date":"2018-03-25T23:20:50","date_gmt":"2018-03-25T21:20:50","guid":{"rendered":"http:\/\/pivovarlipak.cz\/?page_id=369"},"modified":"2024-08-20T21:50:59","modified_gmt":"2024-08-20T19:50:59","slug":"aktuality","status":"publish","type":"page","link":"https:\/\/pivovarlipak.cz\/","title":{"rendered":"Aktuality"},"content":{"rendered":"<p style=\"text-align: center;\"><strong>P\u0159ij\u010fte ochutnat na\u0161e piva do Kl\u00e1\u0161tern\u00ed pivn\u00ed restaurace L\u00edp\u00e1k.<\/strong><\/p>\n<p style=\"text-align: center;\"><span style=\"color: #339966; font-size: 1.6em; font-weight: 600;\">Nab\u00edz\u00edme t\u0159i druhy piv plze\u0148sk\u00e9ho typu a \u010dty\u0159i druhy svrchn\u011b kva\u0161en\u00fdch piv. Na dal\u0161\u00edch na\u0161ich pivech usilovn\u011b pracujeme\u2026\u00a0<\/span><\/p>\n<p style=\"text-align: center;\">K piv\u016fm nab\u00edz\u00edme chu\u0165ovky ze studen\u00e9 kuchyn\u011b<\/p>\n<p style=\"text-align: center;\"><strong><span style=\"text-decoration: underline;\">Otv\u00edrac\u00ed doba:<\/span><br \/>\n<\/strong><strong>Ne &#8211; \u010ct \/ 16:00 &#8211; 22:00<\/strong><br \/>\n<strong>P\u00e1 &#8211; So \/ 16:00 &#8211; 2:00<\/strong><\/p>\n<p style=\"text-align: center;\"><span style=\"color: #ff0000;\">Rezervace: +420 774 374 010<\/span><\/p>\n<p style=\"text-align: center;\">(Pivn\u00ed restaurace se nach\u00e1z\u00ed v are\u00e1lu muzea v \u010cesk\u00e9 L\u00edp\u011b &#8211; b\u00fdval\u00e1 Kl\u00e1\u0161tern\u00ed restaurace)<\/p>\n<p style=\"text-align: center;\"><img loading=\"lazy\" decoding=\"async\" class=\"alignnone size-full wp-image-601\" src=\"http:\/\/pivovarlipak.cz\/wp-content\/uploads\/2022\/02\/PSX_20210914_193828-e1644272729213.jpg\" alt=\"\" width=\"750\" height=\"562\" \/><\/p>\n<p style=\"text-align: center;\">\n<p style=\"text-align: right;\"><em>D\u011bkujeme za poskytnut\u00e9 fotografie panu\u00a0Petru Sl\u00e1dkovi<\/em><\/p>\n<hr \/>\n<p style=\"text-align: left;\"><em>Reklama:<\/em><\/p>\n<h4><strong><span style=\"color: #ff0000;\">2<\/span>KT TECHNOLOGY &#8211;\u00a0<\/strong>CNC OBR\u00c1B\u011aN\u00cd a STROJN\u00cd SOU\u010c\u00c1STI<\/h4>\n<p>(fr\u00e9zov\u00e1n\u00ed, soustru\u017een\u00ed, brou\u0161en\u00ed, dr\u00e1to\u0159ez, povrchov\u00e9 \u00fapravy)<\/p>\n<p>Tom\u00e1\u0161 Konvalina<br \/>\nmob: 774 577 908<br \/>\nmail: tomaskonvalina@icloud.com<br \/>\nwww.2kt.cz<\/p>\n<hr \/>\n","protected":false},"excerpt":{"rendered":"<div class=\"entry-summary\">\n<div class=\"entry-summary\">\nP\u0159ij\u010fte ochutnat na\u0161e piva do Kl\u00e1\u0161tern\u00ed pivn\u00ed restaurace L\u00edp\u00e1k. Nab\u00edz\u00edme t\u0159i druhy&hellip;\n<\/div>\n<div class=\"link-more\"><a href=\"https:\/\/pivovarlipak.cz\/\" class=\"more-link\">Continue reading<span class=\"screen-reader-text\"> &ldquo;Aktuality&rdquo;<\/span>&hellip;<\/a><\/div>\n<\/div>\n<div class=\"link-more\"><a href=\"https:\/\/pivovarlipak.cz\/\" class=\"more-link\">Continue reading<span class=\"screen-reader-text\"> &ldquo;Aktuality&rdquo;<\/span>&hellip;<\/a><\/div>\n","protected":false},"author":1,"featured_media":0,"parent":0,"menu_order":0,"comment_status":"closed","ping_status":"closed","template":"","meta":{"footnotes":""},"class_list":["post-369","page","type-page","status-publish","hentry","entry"],"_links":{"self":[{"href":"https:\/\/pivovarlipak.cz\/index.php\/wp-json\/wp\/v2\/pages\/369","targetHints":{"allow":["GET"]}}],"collection":[{"href":"https:\/\/pivovarlipak.cz\/index.php\/wp-json\/wp\/v2\/pages"}],"about":[{"href":"https:\/\/pivovarlipak.cz\/index.php\/wp-json\/wp\/v2\/types\/page"}],"author":[{"embeddable":true,"href":"https:\/\/pivovarlipak.cz\/index.php\/wp-json\/wp\/v2\/users\/1"}],"replies":[{"embeddable":true,"href":"https:\/\/pivovarlipak.cz\/index.php\/wp-json\/wp\/v2\/comments?post=369"}],"version-history":[{"count":37,"href":"https:\/\/pivovarlipak.cz\/index.php\/wp-json\/wp\/v2\/pages\/369\/revisions"}],"predecessor-version":[{"id":668,"href":"https:\/\/pivovarlipak.cz\/index.php\/wp-json\/wp\/v2\/pages\/369\/revisions\/668"}],"wp:attachment":[{"href":"https:\/\/pivovarlipak.cz\/index.php\/wp-json\/wp\/v2\/media?parent=369"}],"curies":[{"name":"wp","href":"https:\/\/api.w.org\/{rel}","templated":true}]}}