{"id":352,"date":"2018-02-27T23:36:05","date_gmt":"2018-02-27T22:36:05","guid":{"rendered":"http:\/\/pivovarlipak.cz\/?page_id=352"},"modified":"2025-06-30T21:36:38","modified_gmt":"2025-06-30T19:36:38","slug":"cenik-2","status":"publish","type":"page","link":"https:\/\/pivovarlipak.cz\/index.php\/cenik-2\/","title":{"rendered":"Cen\u00edk"},"content":{"rendered":"<h4 style=\"text-align: center;\"><span style=\"text-decoration: underline;\">Ke sta\u017een\u00ed<\/span><\/h4>\n<address style=\"text-align: center;\"><a href=\"http:\/\/pivovarlipak.cz\/wp-content\/uploads\/2025\/02\/PivovarLipak_cenik_3_2_2025.pdf\">Cen\u00edk pivnice Pivovaru L\u00edp\u00e1k<\/a><\/address><address style=\"text-align: center;\"><a href=\"http:\/\/pivovarlipak.cz\/wp-content\/uploads\/2025\/06\/piva_cenik.pdf\">Kompletn\u00ed nab\u00eddka lahv\u00ed a sud\u016f Pivovaru L\u00edp\u00e1k<\/a><\/address>\n<h4 style=\"text-align: center;\"><span style=\"text-decoration: underline;\">Sklen\u011bn\u00e9 lahve (0,7 l), v\u0161echny ceny s DPH<\/span><\/h4>\n\n\n<p><\/p>\n\n\n\n<table class=\"wp-block-table is-style-stripes\"><tbody><tr><td><strong>Cip\u00edsek 10\u00b0<\/strong><\/td><td>ALE<\/td><td><strong>85 K\u010d<\/strong><\/td><\/tr><tr><td><strong>\u0160mudla 10\u00b0<\/strong><\/td><td>Tmav\u00fd le\u017e\u00e1k<\/td><td><strong>85 K\u010d<\/strong><\/td><\/tr><tr><td><strong>Neip\u00e1k 9\u00b0<\/strong><\/td><td>NEIPA<\/td><td><strong>80 K\u010d<\/strong><\/td><\/tr><tr><td><strong>Bumbal 11\u00b0<\/strong><\/td><td>Le\u017e\u00e1k<\/td><td><strong>80 K\u010d<\/strong><\/td><\/tr><tr><td><strong>Pr\u00f3fa 12\u00b0<\/strong><\/td><td>Le\u017e\u00e1k<\/td><td><strong>90 K\u010d<\/strong><\/td><\/tr><tr><td><strong>Rejpal 12\u00b0<\/strong><\/td><td>SHA<\/td><td><strong>95 K\u010d<\/strong><\/td><\/tr><tr><td><strong>Chmelda 13\u00b0<\/strong><\/td><td>IPA<\/td><td><strong>100 K\u010d<\/strong><\/td><\/tr><\/tbody><\/table>\n\n\n<h4 style=\"text-align: center;\"><span style=\"text-decoration: underline;\">PET lahve (1,5 l), v\u0161echny ceny s DPH<\/span><\/h4>\n\n\n<table class=\"wp-block-table is-style-stripes\"><tbody><tr><td><strong>Cip\u00edsek 10\u00b0<\/strong><\/td><td>ALE<\/td><td><strong>120 K\u010d<\/strong><\/td><\/tr><tr><td><strong>\u0160mudla 10\u00b0<\/strong><\/td><td>Tmav\u00fd le\u017e\u00e1k<\/td><td><strong>120 K\u010d<\/strong><\/td><\/tr><tr><td><strong>Neip\u00e1k 9\u00b0<\/strong><\/td><td>NEIPA<\/td><td><strong>110 K\u010d<\/strong><\/td><\/tr><tr><td><strong>Bumbal 11\u00b0<\/strong><\/td><td>Le\u017e\u00e1k<\/td><td><strong>125 K\u010d<\/strong><\/td><\/tr><tr><td><strong>Pr\u00f3fa 12\u00b0<\/strong><\/td><td>Le\u017e\u00e1k<\/td><td><strong>130 K\u010d<\/strong><\/td><\/tr><tr><td><strong>Rejpal 12\u00b0<\/strong><\/td><td>SHA<\/td><td><strong>140 K\u010d<\/strong><\/td><\/tr><tr><td><strong>Chmelda 13\u00b0<\/strong><\/td><td>IPA<\/td><td><strong>150 K\u010d<\/strong><\/td><\/tr><\/tbody><\/table>\n\n\n<h4 style=\"text-align: center;\"><span style=\"text-decoration: underline;\">Party soudky (5 l), v\u0161echny ceny s DPH<\/span><\/h4>\n\n\n<table class=\"wp-block-table is-style-stripes\"><tbody><tr><td><strong>Cip\u00edsek 10\u00b0<\/strong><\/td><td>ALE<\/td><td><strong>400 K\u010d<\/strong><\/td><\/tr><tr><td><strong>\u0160mudla 10\u00b0<\/strong><\/td><td>Tmav\u00fd le\u017e\u00e1k<\/td><td><strong>400 K\u010d<\/strong><\/td><\/tr><tr><td><strong>Neip\u00e1k 9\u00b0<\/strong><\/td><td>NEIPA<\/td><td><strong>400 K\u010d<\/strong><\/td><\/tr><tr><td><strong>Bumbal 11\u00b0<\/strong><\/td><td>Le\u017e\u00e1k<\/td><td><strong>420 K\u010d<\/strong><\/td><\/tr><tr><td><strong>Pr\u00f3fa 12\u00b0<\/strong><\/td><td>Le\u017e\u00e1k<\/td><td><strong>440 K\u010d<\/strong><\/td><\/tr><tr><td><strong>Rejpal 12\u00b0<\/strong><\/td><td>SHA<\/td><td><strong>470K\u010d<\/strong><\/td><\/tr><tr><td><strong>Chmelda 13\u00b0<\/strong><\/td><td>IPA<\/td><td><strong>500 K\u010d<\/strong><\/td><\/tr><\/tbody><\/table>\n\n\n<h4 style=\"text-align: center;\"><span style=\"text-decoration: underline;\">Sudy KEG (r\u016fzn\u00e9 objemy), v\u0161echny ceny s DPH<\/span><\/h4>\n\n\n<table class=\"wp-block-table is-style-stripes\"><tbody><tr><td><strong>Cip\u00edsek 10\u00b0<\/strong><\/td><td>ALE<\/td><td>15 l<br>30 l<br>50 l<\/td><td><strong>850 K\u010d<br>1700 K\u010d<br>2800 K\u010d<\/strong><\/td><\/tr><tr><td><strong>\u0160mudla 10\u00b0<\/strong><\/td><td>Tmav\u00fd le\u017e\u00e1k<\/td><td>15 l<br>30 l<br>50 l<\/td><td><strong>800 K\u010d<br>1600 K\u010d<br>2600 K\u010d<\/strong><\/td><\/tr><tr><td><strong>Neip\u00e1k 9\u00b0<\/strong><\/td><td>NEIPA<\/td><td>15 l<br>30 l<br>50 l<\/td><td><strong>850 K\u010d<br>1700 K\u010d<br>2800 K\u010d<\/strong><\/td><\/tr><tr><td><strong>Bumbal 11\u00b0<\/strong><\/td><td>Le\u017e\u00e1k<\/td><td>15 l<br>30 l<br>50 l<\/td><td><strong>800 K\u010d<br>1600 K\u010d<br>2600 K\u010d<\/strong><\/td><\/tr><tr><td><strong>Pr\u00f3fa 12\u00b0<\/strong><\/td><td>Le\u017e\u00e1k<\/td><td>15 l<br>30 l<br>50 l<\/td><td><strong>900 K\u010d<br>1800 K\u010d<br>3000 K\u010d<\/strong><\/td><\/tr><tr><td><strong>Rejpal 12\u00b0<\/strong><\/td><td>SHA<\/td><td>15 l<br>30 l<br>50 l<\/td><td><strong>950 K\u010d<br>1900 K\u010d<br>3100 K\u010d<\/strong><\/td><\/tr><tr><td><strong>Chmelda 13\u00b0<\/strong><\/td><td>IPA<\/td><td>15 l<br>30 l<br>50 l<\/td><td><strong>980 K\u010d<br>1960 K\u010d<br>3200 K\u010d<\/strong><\/td><\/tr><tr><td>vratn\u00e1 z\u00e1loha<\/td><td>KEG<\/td><td>1 ks<\/td><td><strong>1000 K\u010d<\/strong><\/td><\/tr><\/tbody><\/table>\n\n\n<h4 style=\"text-align: center;\"><span style=\"text-decoration: underline;\">OSTATN\u00cd<\/span><\/h4>\n<p style=\"text-align: center;\">Pivn\u00ed etiketa piva Bumbal 11\u00b0&#8230; <strong>10 K\u010d s DPH<\/strong><\/p>\n<p style=\"text-align: center;\">&nbsp;<\/p>\n<p style=\"text-align: center;\"><strong><img loading=\"lazy\" decoding=\"async\" class=\"aligncenter wp-image-499\" src=\"http:\/\/pivovarlipak.cz\/wp-content\/uploads\/2019\/06\/ETIKETA_BUMBAL_11_MULTI-632x551.png\" alt=\"\" width=\"450\" height=\"392\" srcset=\"https:\/\/pivovarlipak.cz\/wp-content\/uploads\/2019\/06\/ETIKETA_BUMBAL_11_MULTI-632x551.png 632w, https:\/\/pivovarlipak.cz\/wp-content\/uploads\/2019\/06\/ETIKETA_BUMBAL_11_MULTI-768x670.png 768w, https:\/\/pivovarlipak.cz\/wp-content\/uploads\/2019\/06\/ETIKETA_BUMBAL_11_MULTI-1020x889.png 1020w, https:\/\/pivovarlipak.cz\/wp-content\/uploads\/2019\/06\/ETIKETA_BUMBAL_11_MULTI.png 1663w\" sizes=\"auto, (max-width: 450px) 100vw, 450px\" \/><\/strong><\/p>\n<p style=\"text-align: center;\">Pivn\u00ed etiketa piva Chmelda 13\u00b0&#8230; <strong>10 K\u010d s DPH<\/strong><\/p>\n<p><img loading=\"lazy\" decoding=\"async\" class=\"aligncenter wp-image-498\" src=\"http:\/\/pivovarlipak.cz\/wp-content\/uploads\/2019\/06\/ETIKETA_CHMELDA_13_MULTI-632x551.png\" alt=\"\" width=\"450\" height=\"392\" srcset=\"https:\/\/pivovarlipak.cz\/wp-content\/uploads\/2019\/06\/ETIKETA_CHMELDA_13_MULTI-632x551.png 632w, https:\/\/pivovarlipak.cz\/wp-content\/uploads\/2019\/06\/ETIKETA_CHMELDA_13_MULTI-768x670.png 768w, https:\/\/pivovarlipak.cz\/wp-content\/uploads\/2019\/06\/ETIKETA_CHMELDA_13_MULTI-1020x889.png 1020w, https:\/\/pivovarlipak.cz\/wp-content\/uploads\/2019\/06\/ETIKETA_CHMELDA_13_MULTI.png 1663w\" sizes=\"auto, (max-width: 450px) 100vw, 450px\" \/><\/p>\n<p style=\"text-align: center;\">Pivn\u00ed etiketa piva Cip\u00edsek 10\u00b0&#8230; <strong>10 K\u010d s DPH<\/strong><\/p>\n<p><img loading=\"lazy\" decoding=\"async\" class=\"wp-image-556 aligncenter\" src=\"http:\/\/pivovarlipak.cz\/wp-content\/uploads\/2020\/10\/ETIKETA_CIPISEK_10-NAHLED-EAN.png\" alt=\"\" width=\"420\" height=\"360\" srcset=\"https:\/\/pivovarlipak.cz\/wp-content\/uploads\/2020\/10\/ETIKETA_CIPISEK_10-NAHLED-EAN.png 1488w, https:\/\/pivovarlipak.cz\/wp-content\/uploads\/2020\/10\/ETIKETA_CIPISEK_10-NAHLED-EAN-632x542.png 632w, https:\/\/pivovarlipak.cz\/wp-content\/uploads\/2020\/10\/ETIKETA_CIPISEK_10-NAHLED-EAN-768x658.png 768w, https:\/\/pivovarlipak.cz\/wp-content\/uploads\/2020\/10\/ETIKETA_CIPISEK_10-NAHLED-EAN-1020x874.png 1020w\" sizes=\"auto, (max-width: 420px) 100vw, 420px\" \/><\/p>\n<p style=\"text-align: center;\">Pivn\u00ed etiketa piva Pr\u00f3fa 12\u00b0&#8230; <strong>10 K\u010d s DPH<\/strong><\/p>\n<p><img loading=\"lazy\" decoding=\"async\" class=\"aligncenter wp-image-590 size-full\" src=\"http:\/\/pivovarlipak.cz\/wp-content\/uploads\/2021\/11\/ETIKETA_PROFA-small.png\" alt=\"\" width=\"500\" height=\"443\"><\/p>\n<p style=\"text-align: center;\">Pivn\u00ed etiketa piva Rejpal 12\u00b0&#8230; <strong>10 K\u010d s DPH<\/strong><\/p>\n<p style=\"text-align: center;\"><img loading=\"lazy\" decoding=\"async\" class=\"alignnone size-full wp-image-592\" src=\"http:\/\/pivovarlipak.cz\/wp-content\/uploads\/2021\/11\/ETIKETA_REJPAL-small.png\" alt=\"\" width=\"500\" height=\"443\"><\/p>\n<p style=\"text-align: center;\">Pivn\u00ed p\u016fllitr Pivovaru L\u00edp\u00e1k 0,5 l&#8230; <strong>150 K\u010d s DPH<br><\/strong>Pivn\u00ed &#8222;t\u0159etinka&#8220; Pivovaru L\u00edp\u00e1k 0,3 l&#8230; <strong>100 K\u010d s DPH<br><\/strong><\/p>\n<p><img decoding=\"async\" class=\"size-medium wp-image-360 aligncenter\" src=\"http:\/\/pivovarlipak.cz\/wp-content\/uploads\/2018\/03\/pullitrPL-632x727.jpg\" alt=\"p\u016fllitr Pivovar L\u00edp\u00e1k\" width=\"300\" srcset=\"https:\/\/pivovarlipak.cz\/wp-content\/uploads\/2018\/03\/pullitrPL-632x727.jpg 632w, https:\/\/pivovarlipak.cz\/wp-content\/uploads\/2018\/03\/pullitrPL-768x884.jpg 768w, https:\/\/pivovarlipak.cz\/wp-content\/uploads\/2018\/03\/pullitrPL-1020x1173.jpg 1020w, https:\/\/pivovarlipak.cz\/wp-content\/uploads\/2018\/03\/pullitrPL.jpg 1728w\" sizes=\"(max-width: 632px) 100vw, 632px\" \/><\/p>\n<p><\/p>","protected":false},"excerpt":{"rendered":"<div class=\"entry-summary\">\n<div class=\"entry-summary\">\nKe sta\u017een\u00ed Cen\u00edk pivnice Pivovaru L\u00edp\u00e1k Kompletn\u00ed nab\u00eddka lahv\u00ed a sud\u016f Pivovaru&hellip;\n<\/div>\n<div class=\"link-more\"><a href=\"https:\/\/pivovarlipak.cz\/index.php\/cenik-2\/\" class=\"more-link\">Continue reading<span class=\"screen-reader-text\"> &ldquo;Cen\u00edk&rdquo;<\/span>&hellip;<\/a><\/div>\n<\/div>\n<div class=\"link-more\"><a href=\"https:\/\/pivovarlipak.cz\/index.php\/cenik-2\/\" class=\"more-link\">Continue reading<span class=\"screen-reader-text\"> &ldquo;Cen\u00edk&rdquo;<\/span>&hellip;<\/a><\/div>\n","protected":false},"author":1,"featured_media":0,"parent":0,"menu_order":5,"comment_status":"closed","ping_status":"closed","template":"","meta":{"footnotes":""},"class_list":["post-352","page","type-page","status-publish","hentry","entry"],"_links":{"self":[{"href":"https:\/\/pivovarlipak.cz\/index.php\/wp-json\/wp\/v2\/pages\/352","targetHints":{"allow":["GET"]}}],"collection":[{"href":"https:\/\/pivovarlipak.cz\/index.php\/wp-json\/wp\/v2\/pages"}],"about":[{"href":"https:\/\/pivovarlipak.cz\/index.php\/wp-json\/wp\/v2\/types\/page"}],"author":[{"embeddable":true,"href":"https:\/\/pivovarlipak.cz\/index.php\/wp-json\/wp\/v2\/users\/1"}],"replies":[{"embeddable":true,"href":"https:\/\/pivovarlipak.cz\/index.php\/wp-json\/wp\/v2\/comments?post=352"}],"version-history":[{"count":74,"href":"https:\/\/pivovarlipak.cz\/index.php\/wp-json\/wp\/v2\/pages\/352\/revisions"}],"predecessor-version":[{"id":727,"href":"https:\/\/pivovarlipak.cz\/index.php\/wp-json\/wp\/v2\/pages\/352\/revisions\/727"}],"wp:attachment":[{"href":"https:\/\/pivovarlipak.cz\/index.php\/wp-json\/wp\/v2\/media?parent=352"}],"curies":[{"name":"wp","href":"https:\/\/api.w.org\/{rel}","templated":true}]}}