{"id":303,"date":"2017-12-03T23:20:51","date_gmt":"2017-12-03T22:20:51","guid":{"rendered":"http:\/\/pivovarlipak.cz\/?page_id=303"},"modified":"2025-08-06T20:26:12","modified_gmt":"2025-08-06T18:26:12","slug":"o-nas","status":"publish","type":"page","link":"https:\/\/pivovarlipak.cz\/index.php\/o-nas\/","title":{"rendered":"O N\u00c1S"},"content":{"rendered":"<p>Po letech ch\u00e1tr\u00e1n\u00ed p\u016fvodn\u00edho are\u00e1lu \u010deskolipsk\u00e9ho pivovaru od jeho ne\u0161\u0165astn\u00e9ho uzav\u0159en\u00ed roku 1948 jsme se v roce 2017 rozhodli navr\u00e1tit na\u0161emu m\u011bstu tuto d\u00e1vnou tradici va\u0159en\u00ed zlatav\u00e9ho moku. Nejd\u0159\u00edve jsme za\u010d\u00ednali jako tzv. l\u00e9taj\u00edc\u00ed pivovar, tedy jsme k va\u0159en\u00ed vlastn\u00edch prov\u011b\u0159en\u00fdch receptur a zkou\u0161en\u00ed nov\u00fdch vyu\u017e\u00edvali prostory a techniku ji\u017e etablovan\u00fdch pivovarn\u00edk\u016f v bl\u00edzk\u00e9m i dalek\u00e9m okol\u00ed.<\/p>\n<p>V srpnu roku 2017 byla takto uva\u0159ena prvn\u00ed v\u00e1rka dnes ji\u017e \u017e\u00e1dan\u00e9ho a velmi obl\u00edben\u00e9ho jeden\u00e1ctistup\u0148ov\u00e9ho le\u017e\u00e1ku s n\u00e1zvem Bumbal. Zprvu bylo mo\u017en\u00e9 jej ochutnat pouze na r\u016fzn\u00fdch festivalech a vybran\u00fdch pivot\u00e9k\u00e1ch.<\/p>\n<p>Od \u0159\u00edjna roku 2018 bylo ale mo\u017en\u00e9 si toto pivo d\u00e1t ji\u017e v klidu u stolu v na\u0161\u00ed nov\u00e9 pivnici um\u00edst\u011bn\u00e9 v kr\u00e1sn\u00fdch prostor\u00e1ch augustini\u00e1nsk\u00e9ho kl\u00e1\u0161tera v centru \u010cesk\u00e9 L\u00edpy s v\u00fdhledem do rozlehl\u00e9 kl\u00e1\u0161tern\u00ed zahrady.<\/p>\n<p>Po typick\u00e9m \u010desk\u00e9m le\u017e\u00e1ku jsme se vrhli do svrchn\u011b kva\u0161en\u00fdch piv. Jako prvn\u00ed mohli na\u0161i host\u00e9 ochutnat v roce 2019 na\u0161e dnes tak\u00e9 ji\u017e velmi popul\u00e1rn\u00ed pivo s n\u00e1zvem Chmelda. Jedn\u00e1 se o pivo IPA, tedy klasick\u00fd britsk\u00fd styl obohacen\u00fd poznatky z cest koloniz\u00e1tor\u016f do Indie a zp\u011bt do vlasti. V na\u0161em p\u0159\u00edpad\u011b se jedn\u00e1 o pivo t\u0159in\u00e1ctistup\u0148ov\u00e9.<\/p>\n<p>O dal\u0161\u00ed rok pozd\u011bji byl n\u00e1\u0161 le\u017e\u00e1k Bumbal dopln\u011bn dvan\u00e1ctistup\u0148ov\u00fdm sourozencem. Pivo Pr\u00f3fa, kter\u00e9 spat\u0159ilo sv\u011btlo spilky na za\u010d\u00e1tku roku 2018, a od t\u00e9ho\u017e jara nem\u00e9n\u011b \u00fasp\u011b\u0161n\u011b vypl\u0148uje na\u0161i standardn\u00ed nab\u00eddku le\u017e\u00e1k\u016f, kterou je\u0161t\u011b pravideln\u011b dopl\u0148ujeme limitovan\u00fdmi edicemi sv\u00e1te\u010dn\u00edch le\u017e\u00e1k\u016f. Typicky se jedn\u00e1 o r\u016f\u017eov\u00e9 valent\u00fdnsk\u00e9 \u010di zelen\u00e9 velikono\u010dn\u00ed pivo.<\/p>\n<p>Jak jste si, mil\u00ed \u010dten\u00e1\u0159i, ji\u017e jist\u011b stihli v\u0161imnout, n\u00e1zvy n\u011bkter\u00fdch na\u0161ich piv d\u011bd\u00ed jm\u00e9na od trpasl\u00edk\u016f z poh\u00e1dek a b\u00e1j\u00ed. Nu\u017ee, nen\u00ed tomu n\u00e1hodou! Jde o p\u0159ipom\u00ednku a vyj\u00e1d\u0159en\u00ed \u00facty na\u0161emu p\u016fvodn\u00edmu m\u011b\u0161\u0165ansk\u00e9mu pivovaru, se kter\u00fdm byla postava trpasl\u00edka v\u017edy pevn\u011b spjat\u00e1. Vzk\u0159\u00edsili jsme tedy trpasli\u010d\u00ed tradici, le\u010d v n\u011bkter\u00fdch p\u0159\u00edpadech bylo nutn\u00e9 se p\u016fvodn\u00edmi jm\u00e9ny nechat jen inspirovat&#8230; \ud83d\ude42<\/p>\n<p>P\u0159i p\u0159\u00edprav\u011b na\u0161eho \u010dtvrt\u00e9ho piva jsme vytvo\u0159ili trochu experiment\u00e1ln\u00ed d\u00edlo. Pivo Rejpal je dvan\u00e1ctistup\u0148ov\u00fd Single-hop Ale. Svrchn\u011b kva\u0161en\u00e1 piva se obvykle va\u0159\u00ed ze sm\u011bsi dvou a v\u00edce chmel\u016f, av\u0161ak Rejpal je pouze z chmele jednoho. Pro pln\u00e9 uspokojen\u00ed va\u0161ich zv\u00eddav\u00fdch chu\u0165ov\u00fdch poh\u00e1rk\u016f jej ale p\u0159i zachov\u00e1n\u00ed postupu p\u0159ipravujeme v\u017edy z chmele jin\u00e9 odr\u016fdy, \u010d\u00edm\u017e dosahujeme toho, \u017ee ka\u017ed\u00e1 dal\u0161\u00ed v\u00e1rka je nov\u00fdm b\u00e1d\u00e1n\u00edm ve variac\u00edch pivn\u00edch chut\u00ed a v\u016fn\u00ed.<\/p>\n<p>S dal\u0161\u00edm rokem jsme cht\u011bli p\u0159ij\u00edt s n\u011b\u010d\u00edm leh\u010d\u00edm. Uva\u0159ili jsme lehkou sv\u011b\u017e\u00ed des\u00edtku vhodnou do hork\u00fdch letn\u00edch dn\u00ed, konkr\u00e9tn\u011b klasick\u00fd Ale. Cip\u00edsek ale ur\u010dit\u011b nen\u00ed pivo jen &#8222;pro d\u00e1my&#8220;! Jedn\u00e1 se toti\u017e o na\u0161e \u00fapln\u011b nejho\u0159\u010d\u00ed pivo, tak\u017ee si jeho s\u00edlu mohou dosyta u\u017e\u00edt v\u0161ichni. Ostatn\u011b um\u00edst\u011bn\u00ed piva Cip\u00edsek v t\u00e9m\u017ee roce na prvn\u00edm m\u00edst\u011b na varnsdorfsk\u00e9m festivalu svrchn\u011b kva\u0161en\u00fdch piv, jejich\u017e hodnocen\u00ed se uj\u00edmaj\u00ed uzn\u00e1van\u00ed mist\u0159i \u0159emesla z cel\u00e9 na\u0161\u00ed kr\u00e1sn\u00e9 zem\u011b, tomu d\u00e1v\u00e1 za pravdu! I Cip\u00edsek se nyn\u00ed \u0159ad\u00ed mezi na\u0161e b\u011b\u017en\u00e1 a \u017e\u00e1dan\u00e1 piva.<\/p>\n<p>Tento rozvoj prob\u00edhal st\u00e1le ve statusu l\u00e9taj\u00edc\u00edho pivovaru. Nicm\u00e9n\u011b v roce 2023 jsme do prostor na\u0161\u00ed pivnice instalovali varnou soustavu a sadu fermenta\u010dn\u00edch tank\u016f. D\u00edky tomu m\u016f\u017eeme ji\u017e od \u010dervna toho roku s hrdost\u00ed va\u0159it va\u0161e obl\u00edben\u00e9 n\u00e1poje takzvan\u011b doma. Krom\u011b pochopiteln\u00e9ho v\u011bt\u0161\u00edho pohodl\u00ed n\u00e1m to ov\u0161em p\u0159ineslo v\u00edce mo\u017enost\u00ed, jak si s pivy lidov\u011b \u0159e\u010deno hr\u00e1t a zkou\u0161et nov\u00e9 postupy a p\u0159\u00edsady. Za\u010dala se tedy rodit dal\u0161\u00ed nov\u00e1 piva nebo, chcete-li, va\u0159it nov\u00ed trpasl\u00edci! \ud83d\ude42<\/p>\n<p>S vlastn\u00ed technologi\u00ed se \u0161est\u00fdm \u010dlenem na\u0161\u00ed trpasli\u010d\u00ed rodiny stalo prvn\u00ed \u010dern\u00e9 pivo z L\u00edp\u00e1ku, le\u017e\u00e1k \u0160mudla. Prozat\u00edm se jedn\u00e1 o vzd\u00e1len\u011bj\u0161\u00edho p\u0159\u00edbuzn\u00e9ho, kter\u00fd se objev\u00ed p\u00e1rkr\u00e1t do roka, ale o to v\u011bt\u0161\u00ed d\u011bl\u00e1 na\u0161im host\u016fm radost. Neusnuli jsme ov\u0161em na vav\u0159\u00ednech. N\u00fdbr\u017e na chmelov\u00fdch \u0161i\u0161k\u00e1ch! \ud83d\ude42<\/p>\n<p>Od roku 2024 va\u0159\u00edme pravideln\u011b v b\u0159eznu speci\u00e1ln\u00ed le\u017e\u00e1k pro Z\u00e1kladn\u00ed um\u011bleckou \u0161kolu v \u010cesk\u00e9 L\u00edp\u011b zvan\u00fd Blues. Ten m\u016f\u017eete ochutnat od kv\u011btna jak v na\u0161\u00ed pivnici, tak na festivalu po\u0159\u00e1dan\u00e9m ZU\u0160. Ur\u010dit\u011b ale nev\u00e1hejte, proto\u017ee b\u011bhem \u010dervna se v\u017edy dopij\u00ed posledn\u00ed z\u00e1soby.<\/p>\n<p>Pro extr\u00e9mn\u011b hork\u00e9 dny vznikl d\u00e1le v roce 2024 pivn\u00ed trpasl\u00ed\u010dek Neip\u00e1k. Jak ji\u017e n\u00e1zev napov\u00edd\u00e1, jedn\u00e1 se o pivo typu NEIPA, kter\u00e9 v posledn\u00ed dob\u011b velmi nab\u00fdv\u00e1 na popularit\u011b. Rozhodli jsme se ov\u0161em j\u00edt jinou cestou, ne\u017e je pro tento typ b\u011b\u017en\u00e9. Zat\u00edmco v\u011bt\u0161inou se m\u016f\u017eeme setkat s pivy NEIPA od t\u0159in\u00e1cti a v\u00edce stup\u0148\u016f, my jsme p\u0159ipravili dev\u00edtistup\u0148ovou variantu.<\/p>\n<p>Na podzim t\u00e9ho\u017e roku p\u0159i\u0161el na sv\u011bt i \u010dtrn\u00e1ctistup\u0148ov\u00fd Ale, uva\u0159en\u00fd vlastn\u011b tak trochu ze srandy. Jeliko\u017e ale i toto pivo z\u00edskalo rychle na popularit\u011b, tak se mo\u017en\u00e1 m\u016f\u017eete t\u011b\u0161it, \u017ee se op\u011bt objev\u00ed na na\u0161em \u010depu. To ov\u0161em nezjist\u00edte jinak, ne\u017e n\u00e1v\u0161t\u011bvou na\u0161\u00ed pivnice, ve kter\u00e9 v\u00e1s r\u00e1di uvid\u00edme.<\/p>\n<p>Na p\u0159elomu let 2024 a 2025 jsme po\u0159\u00eddili a instalovali kompletn\u011b novou varnou technologii, tak\u017ee tento p\u0159\u00edb\u011bh je teprve na za\u010d\u00e1tku! \ud83d\ude09<\/p>\n<p dir=\"ltr\">Pod\u011bkov\u00e1n\u00ed pivovar\u016fm Muflon, Kapit\u00e1n a Kotou\u010d!<\/p>\n<p style=\"text-align: center;\"><strong><i>\u201ePivo z&nbsp;\u010cesk\u00e9 L\u00edpy, te\u010de z&nbsp;ka\u017ed\u00e9 p\u00edpy.\u201c<\/i><\/strong><\/p>\n<p><img loading=\"lazy\" decoding=\"async\" class=\"size-medium wp-image-35 aligncenter\" src=\"http:\/\/pivovarlipak.cz\/wp-content\/uploads\/2017\/10\/logo-300x300.png\" alt=\"Pivovar L\u00edp\u00e1k\" width=\"300\" height=\"300\"><\/p>\n<h1 style=\"text-align: center;\"><strong><em>Dej B\u016fh \u0161t\u011bst\u00ed&#8230;<\/em><\/strong><\/h1>\n<hr>\n<p style=\"text-align: center;\"><em>&#8222;Pivovar L\u00edp\u00e1k&#8220; je registrovan\u00e1 ochrann\u00e1 zn\u00e1mka zapsan\u00e1 v rejst\u0159\u00edku.<\/em><\/p>\n<hr>\n","protected":false},"excerpt":{"rendered":"<div class=\"entry-summary\">\n<div class=\"entry-summary\">\nPo letech ch\u00e1tr\u00e1n\u00ed p\u016fvodn\u00edho are\u00e1lu \u010deskolipsk\u00e9ho pivovaru od jeho ne\u0161\u0165astn\u00e9ho uzav\u0159en\u00ed roku&hellip;\n<\/div>\n<div class=\"link-more\"><a href=\"https:\/\/pivovarlipak.cz\/index.php\/o-nas\/\" class=\"more-link\">Continue reading<span class=\"screen-reader-text\"> &ldquo;O N\u00c1S&rdquo;<\/span>&hellip;<\/a><\/div>\n<\/div>\n<div class=\"link-more\"><a href=\"https:\/\/pivovarlipak.cz\/index.php\/o-nas\/\" class=\"more-link\">Continue reading<span class=\"screen-reader-text\"> &ldquo;O N\u00c1S&rdquo;<\/span>&hellip;<\/a><\/div>\n","protected":false},"author":1,"featured_media":0,"parent":0,"menu_order":0,"comment_status":"closed","ping_status":"closed","template":"","meta":{"footnotes":""},"class_list":["post-303","page","type-page","status-publish","hentry","entry"],"_links":{"self":[{"href":"https:\/\/pivovarlipak.cz\/index.php\/wp-json\/wp\/v2\/pages\/303","targetHints":{"allow":["GET"]}}],"collection":[{"href":"https:\/\/pivovarlipak.cz\/index.php\/wp-json\/wp\/v2\/pages"}],"about":[{"href":"https:\/\/pivovarlipak.cz\/index.php\/wp-json\/wp\/v2\/types\/page"}],"author":[{"embeddable":true,"href":"https:\/\/pivovarlipak.cz\/index.php\/wp-json\/wp\/v2\/users\/1"}],"replies":[{"embeddable":true,"href":"https:\/\/pivovarlipak.cz\/index.php\/wp-json\/wp\/v2\/comments?post=303"}],"version-history":[{"count":21,"href":"https:\/\/pivovarlipak.cz\/index.php\/wp-json\/wp\/v2\/pages\/303\/revisions"}],"predecessor-version":[{"id":734,"href":"https:\/\/pivovarlipak.cz\/index.php\/wp-json\/wp\/v2\/pages\/303\/revisions\/734"}],"wp:attachment":[{"href":"https:\/\/pivovarlipak.cz\/index.php\/wp-json\/wp\/v2\/media?parent=303"}],"curies":[{"name":"wp","href":"https:\/\/api.w.org\/{rel}","templated":true}]}}