{"id":236,"date":"2017-10-18T21:03:56","date_gmt":"2017-10-18T19:03:56","guid":{"rendered":"http:\/\/pivovarlipak.cz\/?page_id=236"},"modified":"2023-12-01T10:16:29","modified_gmt":"2023-12-01T09:16:29","slug":"pivo","status":"publish","type":"page","link":"https:\/\/pivovarlipak.cz\/index.php\/pivo\/","title":{"rendered":"Pivo"},"content":{"rendered":"<p><img loading=\"lazy\" decoding=\"async\" class=\"size-full wp-image-205 alignleft\" src=\"http:\/\/pivovarlipak.cz\/wp-content\/uploads\/2017\/10\/pivo_lahev.jpg\" alt=\"\" width=\"200\" height=\"622\" \/><\/p>\n<p><img decoding=\"async\" class=\"alignnone size-medium wp-image-239\" src=\"http:\/\/pivovarlipak.cz\/wp-content\/uploads\/2017\/10\/bumbal-3-632x153.png\" alt=\"\" width=\"330\" srcset=\"https:\/\/pivovarlipak.cz\/wp-content\/uploads\/2017\/10\/bumbal-3-632x153.png 632w, https:\/\/pivovarlipak.cz\/wp-content\/uploads\/2017\/10\/bumbal-3.png 750w\" sizes=\"(max-width: 632px) 100vw, 632px\" \/><\/p>\n<p>Bumbal je prvn\u00ed pivo z pivovaru L\u00edp\u00e1k, tvo\u0159en\u00e9 dle vlastn\u00ed receptury a zku\u0161enost\u00ed z 6ti let\u00e9 homebrewingsk\u00e9 \u010dinnosti. Pivo je va\u0159eno dvourmutov\u011b ze dvou druh\u016f sladu. P\u0159\u00edjemn\u00e1 ho\u0159<img loading=\"lazy\" decoding=\"async\" class=\"size-full wp-image-522 alignright\" src=\"http:\/\/pivovarlipak.cz\/wp-content\/uploads\/2020\/01\/pivo_lahev_2-e1579456509120.png\" alt=\"\" width=\"200\" height=\"622\" \/>k\u00e1 chu\u0165 je tvo\u0159ena \u017eateck\u00fdm chmelem. Obsah alkoholu 4,5%.<\/p>\n<p>\u00a0<\/p>\n<p><img loading=\"lazy\" decoding=\"async\" class=\"alignnone  wp-image-541\" src=\"http:\/\/pivovarlipak.cz\/wp-content\/uploads\/2020\/05\/chmelda-632x170.png\" alt=\"\" width=\"361\" height=\"97\" srcset=\"https:\/\/pivovarlipak.cz\/wp-content\/uploads\/2020\/05\/chmelda-632x170.png 632w, https:\/\/pivovarlipak.cz\/wp-content\/uploads\/2020\/05\/chmelda-768x206.png 768w, https:\/\/pivovarlipak.cz\/wp-content\/uploads\/2020\/05\/chmelda-1020x274.png 1020w, https:\/\/pivovarlipak.cz\/wp-content\/uploads\/2020\/05\/chmelda.png 1463w\" sizes=\"auto, (max-width: 361px) 100vw, 361px\" \/><\/p>\n<p>Na\u0161e t\u0159et\u00ed pivo z pivovaru L\u00edp\u00e1k je IPA (India Pale Ale). Jedn\u00e1 se o svrchn\u011b kva\u0161en\u00e9 pivo s p\u0159\u00edjemn\u00fdmi citrusov\u00fdmi t\u00f3ny na jazyku. Tato lahodn\u00e1 a osv\u011b\u017euj\u00edc\u00ed chu\u0165 ve V\u00e1s vyvol\u00e1 touhu po dal\u0161\u00edm loku, otev\u0159en\u00ed dal\u0161\u00ed l\u00e1hve nebo objedn\u00e1n\u00ed dal\u0161\u00edho p\u016fllitru piva. Obsah alkoholu Chmeldy je 5,4%<\/p>\n<p>\u00a0<\/p>\n<p><img loading=\"lazy\" decoding=\"async\" class=\"alignnone  wp-image-538\" src=\"http:\/\/pivovarlipak.cz\/wp-content\/uploads\/2020\/05\/cipisek-632x180.png\" alt=\"\" width=\"411\" height=\"117\" srcset=\"https:\/\/pivovarlipak.cz\/wp-content\/uploads\/2020\/05\/cipisek-632x180.png 632w, https:\/\/pivovarlipak.cz\/wp-content\/uploads\/2020\/05\/cipisek-768x219.png 768w, https:\/\/pivovarlipak.cz\/wp-content\/uploads\/2020\/05\/cipisek-1020x291.png 1020w, https:\/\/pivovarlipak.cz\/wp-content\/uploads\/2020\/05\/cipisek.png 1463w\" sizes=\"auto, (max-width: 411px) 100vw, 411px\" \/><\/p>\n<p><img loading=\"lazy\" decoding=\"async\" class=\"size-full wp-image-558 alignleft\" src=\"http:\/\/pivovarlipak.cz\/wp-content\/uploads\/2020\/10\/cipisek_lahev.png\" alt=\"\" width=\"200\" height=\"622\" \/>Na\u0161e \u010dtvrt\u00e9 pivo z pivovaru L\u00edp\u00e1k je lehk\u00fd, osv\u011b\u017euj\u00edc\u00ed letn\u00ed ALE. Jedn\u00e1 se o svrchn\u011b kva\u0161en\u00e9 pivo s ho\u0159\u010d\u00edmi t\u00f3ny na jazyku a ni\u017e\u0161\u00edm obsahem alkoholu 3,8%<\/p>\n<p>\u00a0<\/p>\n<p>\u00a0<\/p>\n<p>\u00a0<\/p>\n<p>\u00a0<\/p>\n<p>\u00a0<\/p>\n<p>\u00a0<\/p>\n<p><img loading=\"lazy\" decoding=\"async\" class=\"wp-image-579 alignright\" src=\"http:\/\/pivovarlipak.cz\/wp-content\/uploads\/2021\/11\/Profa.png\" alt=\"\" width=\"353\" height=\"165\" \/><\/p>\n<p style=\"text-align: left;\">\u00a0<\/p>\n<p>\u00a0<\/p>\n<p><img loading=\"lazy\" decoding=\"async\" class=\"alignright wp-image-577\" src=\"http:\/\/pivovarlipak.cz\/wp-content\/uploads\/2021\/11\/pivo_lahev_profa.png\" alt=\"\" width=\"200\" height=\"622\" \/><\/p>\n<p>Pr\u00f3fa je druh\u00e9 pivo plze\u0148sk\u00e9ho typu z pivovaru L\u00edp\u00e1k. Pivo je va\u0159eno tradi\u010dn\u00ed dvou rmutovou metodou za pou\u017eit\u00ed pouze \u010desk\u00fdch \u017dateck\u00fdch chmel\u016f. Pivo s obsahem alkoholu 5%<\/p>\n<p>\u00a0<\/p>\n<p><img loading=\"lazy\" decoding=\"async\" class=\"alignleft wp-image-580\" src=\"http:\/\/pivovarlipak.cz\/wp-content\/uploads\/2021\/11\/Rejpal.png\" alt=\"\" width=\"347\" height=\"165\" \/><\/p>\n<p>\u00a0<\/p>\n<p>\u00a0<\/p>\n<p>\u00a0<\/p>\n<p>\u00a0<\/p>\n<p>\u00a0<\/p>\n<p><img loading=\"lazy\" decoding=\"async\" class=\"wp-image-576 alignleft\" src=\"http:\/\/pivovarlipak.cz\/wp-content\/uploads\/2021\/11\/pivo_lahev_rejpal.png\" alt=\"\" width=\"200\" height=\"622\" \/>Na\u0161e p\u00e1t\u00e9 pivo z \u00a0pivovaru L\u00edp\u00e1k je Single Hop ALE (pivo va\u0159en\u00e9 z jednoho druhu chmele). Ka\u017ed\u00e1 v\u00e1rka je va\u0159en\u00e1 z jin\u00e9ho druhu zahrani\u010dn\u00edho chmele. Pivo s obsahem alkoholu 5%<\/p>\n\n\n<p><\/p>\n","protected":false},"excerpt":{"rendered":"<div class=\"entry-summary\">\n<div class=\"entry-summary\">\nBumbal je prvn\u00ed pivo z pivovaru L\u00edp\u00e1k, tvo\u0159en\u00e9 dle vlastn\u00ed receptury a&hellip;\n<\/div>\n<div class=\"link-more\"><a href=\"https:\/\/pivovarlipak.cz\/index.php\/pivo\/\" class=\"more-link\">Continue reading<span class=\"screen-reader-text\"> &ldquo;Pivo&rdquo;<\/span>&hellip;<\/a><\/div>\n<\/div>\n<div class=\"link-more\"><a href=\"https:\/\/pivovarlipak.cz\/index.php\/pivo\/\" class=\"more-link\">Continue reading<span class=\"screen-reader-text\"> &ldquo;Pivo&rdquo;<\/span>&hellip;<\/a><\/div>\n","protected":false},"author":1,"featured_media":0,"parent":0,"menu_order":1,"comment_status":"closed","ping_status":"closed","template":"","meta":{"footnotes":""},"class_list":["post-236","page","type-page","status-publish","hentry","entry"],"_links":{"self":[{"href":"https:\/\/pivovarlipak.cz\/index.php\/wp-json\/wp\/v2\/pages\/236","targetHints":{"allow":["GET"]}}],"collection":[{"href":"https:\/\/pivovarlipak.cz\/index.php\/wp-json\/wp\/v2\/pages"}],"about":[{"href":"https:\/\/pivovarlipak.cz\/index.php\/wp-json\/wp\/v2\/types\/page"}],"author":[{"embeddable":true,"href":"https:\/\/pivovarlipak.cz\/index.php\/wp-json\/wp\/v2\/users\/1"}],"replies":[{"embeddable":true,"href":"https:\/\/pivovarlipak.cz\/index.php\/wp-json\/wp\/v2\/comments?post=236"}],"version-history":[{"count":32,"href":"https:\/\/pivovarlipak.cz\/index.php\/wp-json\/wp\/v2\/pages\/236\/revisions"}],"predecessor-version":[{"id":629,"href":"https:\/\/pivovarlipak.cz\/index.php\/wp-json\/wp\/v2\/pages\/236\/revisions\/629"}],"wp:attachment":[{"href":"https:\/\/pivovarlipak.cz\/index.php\/wp-json\/wp\/v2\/media?parent=236"}],"curies":[{"name":"wp","href":"https:\/\/api.w.org\/{rel}","templated":true}]}}