{"id":133,"date":"2017-10-04T23:07:47","date_gmt":"2017-10-04T21:07:47","guid":{"rendered":"http:\/\/pivovarlipak.cz\/?page_id=133"},"modified":"2025-10-14T19:30:14","modified_gmt":"2025-10-14T17:30:14","slug":"kontakt","status":"publish","type":"page","link":"https:\/\/pivovarlipak.cz\/index.php\/kontakt\/","title":{"rendered":"Kontakt"},"content":{"rendered":"\n<div class=\"wp-block-columns has-2-columns is-layout-flex wp-container-core-columns-is-layout-9d6595d7 wp-block-columns-is-layout-flex\">\n<div class=\"wp-block-column is-layout-flow wp-block-column-is-layout-flow\">\n<p><strong>Pivovar L\u00edp\u00e1k \/ Pivnice<\/strong><\/p>\n\n\n\n<p>N\u00e1m\u011bst\u00ed Osvobozen\u00ed 297\/1<br>470 01, \u010cesk\u00e1 L\u00edpa<br>E: objednavky@pivovarlipak.cz<br>M: +420 774 374 010<\/p>\n\n\n\n<p><strong>Pavel Konvalina<\/strong><\/p>\n\n\n\n<p>majitel, obchod<br>E: pavel.konvalina@pivovarlipak.cz<br>M: +420 605 582 185<\/p>\n<\/div>\n\n\n\n<div class=\"wp-block-column is-layout-flow wp-block-column-is-layout-flow\">\n<p><strong>faktura\u010dn\u00ed \u00fadaje:<\/strong><\/p>\n\n\n\n<p>Svojkov 74<br>471 53, Svojkov<br>I\u010c: 06475248<br>DI\u010c: CZ8212152322<\/p>\n\n\n\n<p><strong>Jind\u0159ich \u010cern\u00fd<\/strong><\/p>\n\n\n\n<p>m\u00e9dia, komunikace<br>E: jindrich.cerny@pivovarlipak.cz<br>M: +420 734 387 526<\/p>\n<\/div>\n<\/div>\n\n\n\n<figure><iframe loading=\"lazy\" src=\"https:\/\/www.google.com\/maps\/embed?pb=!1m18!1m12!1m3!1d2527.4305951813044!2d14.531254676927334!3d50.68546717041381!2m3!1f0!2f0!3f0!3m2!1i1024!2i768!4f13.1!3m3!1m2!1s0x47096f5d445de683%3A0xa7fc752b3694e7e9!2zUGl2b3ZhciBMw61ww6Fr!5e0!3m2!1scs!2scz!4v1760462413148!5m2!1scs!2scz\" width=\"800\" height=\"320\" allowfullscreen=\"\"><\/iframe><\/figure>\n","protected":false},"excerpt":{"rendered":"<div class=\"entry-summary\">\n<div class=\"entry-summary\">\nPivovar L\u00edp\u00e1k \/ Pivnice N\u00e1m\u011bst\u00ed Osvobozen\u00ed 297\/1470 01, \u010cesk\u00e1 L\u00edpaE: objednavky@pivovarlipak.czM: +420&hellip;\n<\/div>\n<div class=\"link-more\"><a href=\"https:\/\/pivovarlipak.cz\/index.php\/kontakt\/\" class=\"more-link\">Continue reading<span class=\"screen-reader-text\"> &ldquo;Kontakt&rdquo;<\/span>&hellip;<\/a><\/div>\n<\/div>\n<div class=\"link-more\"><a href=\"https:\/\/pivovarlipak.cz\/index.php\/kontakt\/\" class=\"more-link\">Continue reading<span class=\"screen-reader-text\"> &ldquo;Kontakt&rdquo;<\/span>&hellip;<\/a><\/div>\n","protected":false},"author":1,"featured_media":0,"parent":0,"menu_order":6,"comment_status":"closed","ping_status":"closed","template":"","meta":{"footnotes":""},"class_list":["post-133","page","type-page","status-publish","hentry","entry"],"_links":{"self":[{"href":"https:\/\/pivovarlipak.cz\/index.php\/wp-json\/wp\/v2\/pages\/133","targetHints":{"allow":["GET"]}}],"collection":[{"href":"https:\/\/pivovarlipak.cz\/index.php\/wp-json\/wp\/v2\/pages"}],"about":[{"href":"https:\/\/pivovarlipak.cz\/index.php\/wp-json\/wp\/v2\/types\/page"}],"author":[{"embeddable":true,"href":"https:\/\/pivovarlipak.cz\/index.php\/wp-json\/wp\/v2\/users\/1"}],"replies":[{"embeddable":true,"href":"https:\/\/pivovarlipak.cz\/index.php\/wp-json\/wp\/v2\/comments?post=133"}],"version-history":[{"count":46,"href":"https:\/\/pivovarlipak.cz\/index.php\/wp-json\/wp\/v2\/pages\/133\/revisions"}],"predecessor-version":[{"id":755,"href":"https:\/\/pivovarlipak.cz\/index.php\/wp-json\/wp\/v2\/pages\/133\/revisions\/755"}],"wp:attachment":[{"href":"https:\/\/pivovarlipak.cz\/index.php\/wp-json\/wp\/v2\/media?parent=133"}],"curies":[{"name":"wp","href":"https:\/\/api.w.org\/{rel}","templated":true}]}}